{"id":19,"date":"2017-07-07T19:27:12","date_gmt":"2017-07-07T19:27:12","guid":{"rendered":"http:\/\/ftpbern.kalabint.com\/?page_id=19"},"modified":"2022-12-04T14:25:46","modified_gmt":"2022-12-04T14:25:46","slug":"tastings","status":"publish","type":"page","link":"https:\/\/Swissmalt.ch\/?page_id=19","title":{"rendered":"Tastings"},"content":{"rendered":"<div class=\"zpRow standard \">\n<div class=\"zpColumn zpColumnWidth1\">\n<div class=\"zpColumnItem\">\n<div id=\"a1357\" class=\"articlearea\">\n<p>Wir bieten regelm\u00e4ssig Whisky Tastings f\u00fcr Gruppen an. Unter Whisky Tasting verstehen wir die\u00a0gef\u00fchrte Degustation, bei der Wissen ausgetauscht werden kann und der gemeinsamen Passion nachgegangen wird.<\/p>\n<p>Ein Tasting beinhaltet jeweils 5 verschiedene Whiskys \u00e0 2cl, Snacks (z. B. Brot, Oatcakes, Schokolade).<\/p>\n<p>Gruppen k\u00f6nnen bis zu 9 Personen umfassen. Die Degustationen finden immer Freitags und Samstags statt, in der Regel von 19:00-22:00 Uhr. Die genaue Zeit kann aber pers\u00f6nlich vereinbart werden. Es gibt einen Mindesten Preis von 400.- . Essen und andere Getr\u00e4nke kommen dazu.<\/p>\n<\/div>\n<\/div>\n<\/div>\n<\/div>\n<div class=\"zpRow standard \">\n<div class=\"zpColumn zpColumnWidth1\">\n<div class=\"zpColumnItem\">\n<div id=\"a1368\" class=\"articlearea\">\n<table style=\"height: 111px;\" width=\"1349\">\n<tbody>\n<tr>\n<td>\u00a0<\/td>\n<td><strong>| New Spirits<\/strong><\/td>\n<td><strong>| Angel&#8217;s Share<\/strong><\/td>\n<td><strong>| Cask Strength<\/strong><\/td>\n<\/tr>\n<tr>\n<td>Preis p.P.\u00a0in CHF<\/td>\n<td>50.-<\/td>\n<td>65.-<\/td>\n<td>80.-<\/td>\n<\/tr>\n<\/tbody>\n<\/table>\n<\/div>\n<\/div>\n<\/div>\n<\/div>\n<div class=\"zpRow standard \">\n<div class=\"zpColumn zpColumnWidth1\">\n<div class=\"zpColumnItem\">\n<div id=\"a1369\" class=\"articlearea\">\n<h3>Standard Tastings<\/h3>\n<p><strong>New Spirits |<\/strong>\u00a0Eine geschmackliche Tour durch das Whiskyreich Schottland. Ideal f\u00fcr Neugierige, die gerne mehr \u00fcber das Elixier des Lebens wissen wollen. Mit Einsteigerwhiskies und reichlich Insidertips helfen wir Ihnen, die Welt des Whiskies zu erkunden.<\/p>\n<p><strong>Angel\u2019s Share |\u00a0<\/strong>M\u00f6chten Sie Ihren eigenen Whisky-Geschmack entwickeln? Verschiedene Whiskysorten vergleichen und Ihre Vorlieben entdecken? Dann ist dies die Degustation f\u00fcr Sie.<\/p>\n<p><strong>Cask Strength |<\/strong>\u00a0Diese Degustation bietet sich vor allem Leuten mit Whiskyerfahrung an. Sie k\u00f6nnen Cask Strength Whiskies pur geniessen, oder nach Belieben mit Wasser experimentieren.<\/p>\n<h3>Winter Special (1. November bis 31. M\u00e4rz )<\/h3>\n<p><strong>Smokeheads |<\/strong>\u00a0Verschiedene Malzwhiskies, welche von leicht rauchig bis stark torfig reichen. Dieser Kurs ist passend f\u00fcr Leute mit Whiskyerfahrung, die eine Herausforderung nicht scheuen. Eben, Smokeheads.<\/p>\n<h3>Spring Revival (1. Mai bis 30. Juni)<\/h3>\n<p><strong>Blind Tasting |<\/strong> Lassen Sie sich in die exotische Welt der nicht ganz so allt\u00e4glichen Malzwhiskies (ab 16 Jahren und 46%) entf\u00fchren. In diesem Tasting geniessen Sie Whisky, ohne zu wissen, um welchen Whisky es sich tats\u00e4chlich handelt. So k\u00f6nnen Sie vollkommen unvoreingenommen Ihren pers\u00f6nlichen Geschmack erkunden.<\/p>\n<\/div>\n<\/div>\n<\/div>\n<\/div>\n\n\n<h4>Neue Tasting Thema. All j\u00e4hrige. <\/h4>\n\n\n\n<p>Farm whiskies. Oder der Kilchoman experience.<\/p>\n\n\n\n<p>5 Whiskies aus small batches. <\/p>\n\n\n\n<p>3 Whiskies von der Islay Distillerie Kilchoman steht im Mitte diese original Degustationsabend.<\/p>\n\n\n\n<p>Die Begleit Malts kommen von Mr. L\u00fcthy aus Muhen und MessrsCuthbert aus der Kingdom of Fife.<\/p>\n\n\n\n<figure class=\"is-layout-flex wp-block-gallery-1 wp-block-gallery has-nested-images columns-default is-cropped\">\n<figure class=\"wp-block-image size-large\"><img decoding=\"async\" loading=\"lazy\" width=\"1020\" height=\"664\" data-id=\"189\"  src=\"https:\/\/Swissmalt.ch\/wp-content\/uploads\/2021\/07\/IMG_26072021_232041_3000_x_1954_pixel-1020x664.jpg\" alt=\"\" class=\"wp-image-189\" srcset=\"http:\/\/Swissmalt.ch\/wp-content\/uploads\/2021\/07\/IMG_26072021_232041_3000_x_1954_pixel-1020x664.jpg 1020w, http:\/\/Swissmalt.ch\/wp-content\/uploads\/2021\/07\/IMG_26072021_232041_3000_x_1954_pixel-632x412.jpg 632w, http:\/\/Swissmalt.ch\/wp-content\/uploads\/2021\/07\/IMG_26072021_232041_3000_x_1954_pixel-768x500.jpg 768w, http:\/\/Swissmalt.ch\/wp-content\/uploads\/2021\/07\/IMG_26072021_232041_3000_x_1954_pixel-1536x1000.jpg 1536w, http:\/\/Swissmalt.ch\/wp-content\/uploads\/2021\/07\/IMG_26072021_232041_3000_x_1954_pixel-2048x1334.jpg 2048w\" sizes=\"(max-width: 1020px) 100vw, 1020px\" \/><\/figure>\n<\/figure>\n\n\n\n<p>Preis 100 Fr. <\/p>\n","protected":false},"excerpt":{"rendered":"<p>Wir bieten regelm\u00e4ssig Whisky Tastings f\u00fcr Gruppen an. Unter Whisky Tasting verstehen wir die\u00a0gef\u00fchrte Degustation, bei der Wissen ausgetauscht werden kann und der gemeinsamen Passion nachgegangen wird. Ein Tasting beinhaltet jeweils 5 verschiedene Whiskys \u00e0 2cl, Snacks (z. B. Brot, Oatcakes, Schokolade). Gruppen k\u00f6nnen bis zu 9 Personen umfassen. Die Degustationen finden immer Freitags und<\/p>\n<div class=\"more-link\">\n\t\t\t\t <a href=\"https:\/\/Swissmalt.ch\/?page_id=19\" class=\"btn theme-btn\"><span>Continue Reading <\/span><i class=\"icofont-thin-double-right\"><\/i><\/a>\n\t\t\t<\/div>\n","protected":false},"author":1,"featured_media":0,"parent":0,"menu_order":2,"comment_status":"closed","ping_status":"closed","template":"","meta":[],"_links":{"self":[{"href":"https:\/\/Swissmalt.ch\/index.php?rest_route=\/wp\/v2\/pages\/19"}],"collection":[{"href":"https:\/\/Swissmalt.ch\/index.php?rest_route=\/wp\/v2\/pages"}],"about":[{"href":"https:\/\/Swissmalt.ch\/index.php?rest_route=\/wp\/v2\/types\/page"}],"author":[{"embeddable":true,"href":"https:\/\/Swissmalt.ch\/index.php?rest_route=\/wp\/v2\/users\/1"}],"replies":[{"embeddable":true,"href":"https:\/\/Swissmalt.ch\/index.php?rest_route=%2Fwp%2Fv2%2Fcomments&post=19"}],"version-history":[{"count":19,"href":"https:\/\/Swissmalt.ch\/index.php?rest_route=\/wp\/v2\/pages\/19\/revisions"}],"predecessor-version":[{"id":219,"href":"https:\/\/Swissmalt.ch\/index.php?rest_route=\/wp\/v2\/pages\/19\/revisions\/219"}],"wp:attachment":[{"href":"https:\/\/Swissmalt.ch\/index.php?rest_route=%2Fwp%2Fv2%2Fmedia&parent=19"}],"curies":[{"name":"wp","href":"https:\/\/api.w.org\/{rel}","templated":true}]}}