{"id":2,"date":"2017-07-07T17:36:53","date_gmt":"2017-07-07T17:36:53","guid":{"rendered":"http:\/\/ftpbern.kalabint.com\/?page_id=2"},"modified":"2022-12-04T14:17:05","modified_gmt":"2022-12-04T14:17:05","slug":"sample-page","status":"publish","type":"page","link":"https:\/\/Swissmalt.ch\/?page_id=2","title":{"rendered":"Our Philosphie"},"content":{"rendered":"<p>In unserem Shop finden Sie verschiedenste Whiskys aus allen\u00a0Preissegmenten; sowohl nicht k\u00fchlgefilterte, ungef\u00e4rbte, als auch Fassst\u00e4rke Whisky.<\/p>\n<p>Wir haben uns auf Single Malt Scotch Whisky spezialisiert. Bei uns finden Sie eine\u00a0 Auswahl von fein, charaktervolle Whiskies (<strong>Single Malt Scotch\u00a0<\/strong><b>Whisky<\/b>), die von Klassikern wie Springbank, BenRiach und Lagavulin bis\u00a0zu weniger bekannten Abf\u00fcllungen\u00a0wie Coopers Choice, The Warehouse Collection und Bruichladdich reicht.<\/p>\n<p><strong>Dies, gekoppelt mit Hintergrundwissen und individueller Beratung bedeutet, dass Sie unseren Shop mit einem Whisky verlassen werden, mit dem Sie sich identifizieren k\u00f6nnen.<\/strong><\/p>\n<p>Vereinbaren Sie mit uns per E-Mail oder Telegramm\/Whatsapp einen Termin und kommen Sie vorbei!<\/p>\n","protected":false},"excerpt":{"rendered":"<p>In unserem Shop finden Sie verschiedenste Whiskys aus allen\u00a0Preissegmenten; sowohl nicht k\u00fchlgefilterte, ungef\u00e4rbte, als auch Fassst\u00e4rke Whisky. Wir haben uns auf Single Malt Scotch Whisky spezialisiert. Bei uns finden Sie eine\u00a0 Auswahl von fein, charaktervolle Whiskies (Single Malt Scotch\u00a0Whisky), die von Klassikern wie Springbank, BenRiach und Lagavulin bis\u00a0zu weniger bekannten Abf\u00fcllungen\u00a0wie Coopers Choice, The Warehouse<\/p>\n<div class=\"more-link\">\n\t\t\t\t <a href=\"https:\/\/Swissmalt.ch\/?page_id=2\" class=\"btn theme-btn\"><span>Continue Reading <\/span><i class=\"icofont-thin-double-right\"><\/i><\/a>\n\t\t\t<\/div>\n","protected":false},"author":1,"featured_media":0,"parent":0,"menu_order":1,"comment_status":"closed","ping_status":"open","template":"page-template\/_fullwidth.php","meta":[],"_links":{"self":[{"href":"https:\/\/Swissmalt.ch\/index.php?rest_route=\/wp\/v2\/pages\/2"}],"collection":[{"href":"https:\/\/Swissmalt.ch\/index.php?rest_route=\/wp\/v2\/pages"}],"about":[{"href":"https:\/\/Swissmalt.ch\/index.php?rest_route=\/wp\/v2\/types\/page"}],"author":[{"embeddable":true,"href":"https:\/\/Swissmalt.ch\/index.php?rest_route=\/wp\/v2\/users\/1"}],"replies":[{"embeddable":true,"href":"https:\/\/Swissmalt.ch\/index.php?rest_route=%2Fwp%2Fv2%2Fcomments&post=2"}],"version-history":[{"count":12,"href":"https:\/\/Swissmalt.ch\/index.php?rest_route=\/wp\/v2\/pages\/2\/revisions"}],"predecessor-version":[{"id":215,"href":"https:\/\/Swissmalt.ch\/index.php?rest_route=\/wp\/v2\/pages\/2\/revisions\/215"}],"wp:attachment":[{"href":"https:\/\/Swissmalt.ch\/index.php?rest_route=%2Fwp%2Fv2%2Fmedia&parent=2"}],"curies":[{"name":"wp","href":"https:\/\/api.w.org\/{rel}","templated":true}]}}