{"id":211,"date":"2022-12-04T14:13:00","date_gmt":"2022-12-04T14:13:00","guid":{"rendered":"https:\/\/Swissmalt.ch\/?page_id=211"},"modified":"2022-12-04T14:16:03","modified_gmt":"2022-12-04T14:16:03","slug":"unsere-whiskies","status":"publish","type":"page","link":"https:\/\/Swissmalt.ch\/?page_id=211","title":{"rendered":"Unsere Whiskies"},"content":{"rendered":"\n<p>In der Whisky Spycher lebt der Vielfalt.<\/p>\n\n\n\n<p>Von der smooth Irish Whiskies ( 3 fach distilliert) \u00fcber die schottische Glens ( Livet, Morangie, und Farclas to name a few) bis der Westk\u00fcste wo torfige Malts wie Ardbeg, Bowmore und Caol Isla zu finden sind.<\/p>\n\n\n\n<p>Da Spycher abseits der gr\u00f6ssere Ortschaften wie St. Gallen und Winterthur ist gibt es noch l\u00e4ngst ausverkauft und gesuchte Gems.<\/p>\n\n\n\n<p>Sprechen wir da von einen W.I.P. Kilkerran oder einen Springbank aus einen Claret Fass, oder einen Kilchoman PX Sherry Fass Malt oder &#8230; <\/p>\n\n\n\n<p>Es gibt auch Alltag Malts wie Lagavulin, Glengoyne und Glendalough 13 (die Alte!).<\/p>\n\n\n\n<p>Die verschollene Whiskies kann, wenn Gl\u00fcck und mehr vorhanden ist, w\u00e4hrend einen Tasting probiert werden.<\/p>\n","protected":false},"excerpt":{"rendered":"<p>In der Whisky Spycher lebt der Vielfalt. Von der smooth Irish Whiskies ( 3 fach distilliert) \u00fcber die schottische Glens ( Livet, Morangie, und Farclas to name a few) bis der Westk\u00fcste wo torfige Malts wie Ardbeg, Bowmore und Caol Isla zu finden sind. Da Spycher abseits der gr\u00f6ssere Ortschaften wie St. Gallen und Winterthur<\/p>\n<div class=\"more-link\">\n\t\t\t\t <a href=\"https:\/\/Swissmalt.ch\/?page_id=211\" class=\"btn theme-btn\"><span>Continue Reading <\/span><i class=\"icofont-thin-double-right\"><\/i><\/a>\n\t\t\t<\/div>\n","protected":false},"author":2,"featured_media":0,"parent":0,"menu_order":0,"comment_status":"closed","ping_status":"closed","template":"","meta":[],"_links":{"self":[{"href":"https:\/\/Swissmalt.ch\/index.php?rest_route=\/wp\/v2\/pages\/211"}],"collection":[{"href":"https:\/\/Swissmalt.ch\/index.php?rest_route=\/wp\/v2\/pages"}],"about":[{"href":"https:\/\/Swissmalt.ch\/index.php?rest_route=\/wp\/v2\/types\/page"}],"author":[{"embeddable":true,"href":"https:\/\/Swissmalt.ch\/index.php?rest_route=\/wp\/v2\/users\/2"}],"replies":[{"embeddable":true,"href":"https:\/\/Swissmalt.ch\/index.php?rest_route=%2Fwp%2Fv2%2Fcomments&post=211"}],"version-history":[{"count":3,"href":"https:\/\/Swissmalt.ch\/index.php?rest_route=\/wp\/v2\/pages\/211\/revisions"}],"predecessor-version":[{"id":214,"href":"https:\/\/Swissmalt.ch\/index.php?rest_route=\/wp\/v2\/pages\/211\/revisions\/214"}],"wp:attachment":[{"href":"https:\/\/Swissmalt.ch\/index.php?rest_route=%2Fwp%2Fv2%2Fmedia&parent=211"}],"curies":[{"name":"wp","href":"https:\/\/api.w.org\/{rel}","templated":true}]}}